{"id":57918,"date":"2014-02-12T20:22:25","date_gmt":"2014-02-12T19:22:25","guid":{"rendered":"https:\/\/www.naarcuracao.com\/?page_id=57918"},"modified":"2024-02-27T17:20:18","modified_gmt":"2024-02-27T16:20:18","slug":"numeros-de-telefone-e-enderecos-curacao","status":"publish","type":"page","link":"https:\/\/www.naarcuracao.com\/pt-br\/numeros-de-telefone-e-enderecos-curacao\/","title":{"rendered":"N\u00fameros de telefone e endere\u00e7os Cura\u00e7ao"},"content":{"rendered":"\n<h2 class=\"wp-block-heading\">N\u00fameros de emerg\u00eancia Cura\u00e7ao<\/h2>\n\n<h3 class=\"wp-block-heading\">Pol\u00edcia<\/h3>\n\n<div class=\"wp-block-columns is-layout-flex wp-container-core-columns-is-layout-28f84493 wp-block-columns-is-layout-flex\">\n<div class=\"wp-block-column is-layout-flow wp-block-column-is-layout-flow\">\n<p><strong>URGENTE: 911<\/strong><br\/><strong>Sem urg\u00eancia: 917<\/strong><br\/><strong>An\u00f4nimo: 108<\/strong><br\/><strong>Guarda Costeira: 913<\/strong><\/p>\n<\/div>\n\n\n\n<div class=\"wp-block-column is-layout-flow wp-block-column-is-layout-flow\">\n<p><strong>Delegacias de pol\u00edcia<\/strong>:<br\/><strong>Rio Can\u00e1rio (escrit\u00f3rio principal)<\/strong>:<br\/><em><a href=\"https:\/\/www.google.com\/maps\/place\/Rio+Canario\/@12.1427201,-68.9270121,15.88z\/data=!4m9!1m2!2m1!1spolice!3m5!1s0x0:0xce485a4221b43aef!8m2!3d12.1443875!4d-68.9251241!15sCgZwb2xpY2VaEAoGcG9saWNlIgZwb2xpY2WSAQZwb2xpY2U\" target=\"_blank\" rel=\"noreferrer noopener\">esquina Winston Churchillweg\/Schottegatweg<\/a><\/em>, <a href=\"tel:0059998666800\">+5999 866-6800<\/a><br\/><strong>Punda<\/strong>:<br\/><em><a href=\"https:\/\/www.google.com\/maps\/place\/Police+Station\/@12.104258,-68.9349998,18z\/data=!4m9!1m2!2m1!1spolice!3m5!1s0x0:0xdc6e1c907a48182d!8m2!3d12.1041477!4d-68.9341249!15sCgZwb2xpY2WSAQ5mZWRlcmFsX3BvbGljZQ\" target=\"_blank\" rel=\"noreferrer noopener\">Wilhelminaplein<\/a><\/em>, <a href=\"tel:0059998666300\">+5999 866-6300<\/a><br\/><strong>Otrobanda<\/strong>:<br\/><em><a href=\"https:\/\/www.google.com\/maps\/place\/Police+Station+Otrobanda\/@12.106723,-68.9390822,18.02z\/data=!4m9!1m2!2m1!1spolice!3m5!1s0x0:0xa8e1a1bee158671c!8m2!3d12.1076697!4d-68.9386021!15sCgZwb2xpY2WSAQ5mZWRlcmFsX3BvbGljZQ\" target=\"_blank\" rel=\"noreferrer noopener\">Arubastraat (na rotat\u00f3ria)<\/a><\/em>, <a href=\"tel:0059998666400\">+5999 866-6400<\/a><br\/><strong>Monta\u00f1a<\/strong>:<br\/><em><a href=\"https:\/\/www.google.com\/maps\/place\/Police+Station+Otrobanda\/@12.1048671,-68.8520747,17.19z\/data=!4m9!1m2!2m1!1spolice!3m5!1s0x0:0xa8e1a1bee158671c!8m2!3d12.1076697!4d-68.9386021!15sCgZwb2xpY2WSAQ5mZWRlcmFsX3BvbGljZQ\" target=\"_blank\" rel=\"noreferrer noopener\">Kaminda Venancio F. Insenia<\/a><\/em>, <a href=\"tel:0059998666700\">+5999 866-6700<\/a><br\/><strong>Barbeiro<\/strong>:<br\/><em><a href=\"https:\/\/www.google.com\/maps\/place\/Police+Station\/@12.2817075,-69.0759824,16.57z\/data=!4m9!1m2!2m1!1spolice!3m5!1s0x0:0xdbcf5dcec94f0177!8m2!3d12.1604741!4d-68.948524!15sCgZwb2xpY2WSAQxzdGF0ZV9wb2xpY2U\" target=\"_blank\" rel=\"noreferrer noopener\">Estrada para Westpunt (rua lateral!)<\/a><\/em>, <a href=\"tel:0059998666900\">+5999 866-6900<\/a><\/p>\n<\/div>\n\n\n\n<div class=\"wp-block-column is-layout-flow wp-block-column-is-layout-flow\">\n<p><strong>Politur &#8211; Pol\u00edcia tur\u00edstica<\/strong><br\/>Escrit\u00f3rios do Politburo:<br\/><strong>World Trade Center<\/strong>:<br\/><em><a href=\"https:\/\/www.google.com\/maps\/place\/World+Trade+Center+Cura%C3%A7ao\/@12.1185846,-68.9642051,15z\/data=!4m5!3m4!1s0x0:0x1a263e8ca50cd6e2!8m2!3d12.1185846!4d-68.9642051\" target=\"_blank\" rel=\"noreferrer noopener\">Piscaderaweg z\/n, Unidade TM.I. 29 e 20<\/a><\/em>, <a href=\"tel:0059994636273\">+5999 463-6273<\/a><br\/><strong>Mambo Beach Boulevard<\/strong>:<br\/><em><a href=\"https:\/\/www.google.com\/maps\/place\/Mambo+Beach+Boulevard\/@12.0874703,-68.9010074,17z\/data=!3m1!4b1!4m5!3m4!1s0x8e837d8eba79f8a1:0xe233438f0b6a0412!8m2!3d12.0874651!4d-68.8988187\" target=\"_blank\" rel=\"noreferrer noopener\">Bapor Kibra z\/n Mambo Beach<\/a><\/em>, <a href=\"tel:0059997350044\">+5999 735-0044<\/a><br\/><strong>Westpoint<\/strong>:<br\/><a href=\"https:\/\/www.google.com\/maps\/place\/Westpunt,+Cura%C3%A7ao\/@12.3695349,-69.1554875,16z\/data=!3m1!4b1!4m5!3m4!1s0x8e84bda64827e9b1:0xea88d8f0feacb858!8m2!3d12.3700154!4d-69.1521587\" target=\"_blank\" rel=\"noreferrer noopener\"><em>Westpunt z\/n<\/em><\/a>, <a href=\"tel:005999864000\">+5999 864-0000<\/a><\/p>\n\n\n\n<p><a href=\"https:\/\/www.polis.cw\/polis-di-turismo\/\" target=\"_blank\" rel=\"noreferrer noopener\">Para que voc\u00ea pode recorrer \u00e0 Politur?<\/a><\/p>\n<\/div>\n<\/div>\n\n<h3 class=\"wp-block-heading\">Cuidados m\u00e9dicos<\/h3>\n\n<div class=\"wp-block-columns is-layout-flex wp-container-core-columns-is-layout-28f84493 wp-block-columns-is-layout-flex\">\n<div class=\"wp-block-column is-layout-flow wp-block-column-is-layout-flow\">\n<p><strong>Ambul\u00e2ncia: 912<\/strong><br\/><strong><a href=\"tel:0059995149726\">Ambul\u00e2ncia para animais: +5999 465-1616<\/a><\/strong><br\/><strong><a href=\"https:\/\/botikadiservisio.com\/\" target=\"_blank\" rel=\"noreferrer noopener\">Servi\u00e7o de farm\u00e1cia: 121<\/a><\/strong><\/p>\n<\/div>\n\n\n\n<div class=\"wp-block-column is-layout-flow wp-block-column-is-layout-flow\">\n<p><strong>Centro M\u00e9dico de Cura\u00e7ao<\/strong> (Hospital):<br\/><em><a href=\"https:\/\/www.google.com\/maps\/place\/Cura%C3%A7ao+Medical+Center\/@12.1076375,-68.9402636,15.84z\/data=!4m5!3m4!1s0x0:0x742cd9d45c7f159f!8m2!3d12.1101445!4d-68.941793\" target=\"_blank\" rel=\"noreferrer noopener\">J.H.J. Hamelbergweg z\/n (Otrabanda)<\/a><\/em><br\/>N\u00famero de telefone geral: <a href=\"tel:0059997450000\">+5999 745-0000<\/a><br\/>Primeiros socorros: <a href=\"tel:0059997450026\">+5999 745-0026<\/a><\/p>\n<\/div>\n\n\n\n<div class=\"wp-block-column is-layout-flow wp-block-column-is-layout-flow\">\n<p><strong>Bem-estar animal<\/strong>:<br\/><em><a href=\"https:\/\/www.google.com\/maps\/place\/7+Abattoirweg,+Willemstad,+Cura%C3%A7ao\/@12.1088648,-68.9202641,17.87z\/data=!4m5!3m4!1s0x8e848288ab1d402f:0x919c8b6592598038!8m2!3d12.1091571!4d-68.9189422\" target=\"_blank\" rel=\"noreferrer noopener\">Abattoir Road 7 (Parera)<\/a><\/em>, <a href=\"tel:0059994654300\">+5999 465-4300<\/a>, <a href=\"mail:asiel@dierenbeschermingcuracao.com\">asiel@dierenbeschermingcuracao.com<\/a><\/p>\n<\/div>\n<\/div>\n\n<h3 class=\"wp-block-heading\">Outros<\/h3>\n\n<div class=\"wp-block-columns is-layout-flex wp-container-core-columns-is-layout-28f84493 wp-block-columns-is-layout-flex\">\n<div class=\"wp-block-column is-layout-flow wp-block-column-is-layout-flow\">\n<p><strong>Brigada de inc\u00eandio: 911<\/strong><\/p>\n<\/div>\n\n\n\n<div class=\"wp-block-column is-layout-flow wp-block-column-is-layout-flow\">\n<p>Na estrada:<br\/><strong>Servi\u00e7os Rodovi\u00e1rios de Cura\u00e7ao (CRS)<\/strong>:<br\/>199, SEMPRE ligue em caso de colis\u00e3o!<br\/><strong>Assist\u00eancia na estrada<\/strong>:<br\/>9247<br\/><strong>Remova a bra\u00e7adeira da roda<\/strong>:<br\/><a href=\"tel:0059994612956\">+5999 461-956<\/a><\/p>\n<\/div>\n\n\n\n<div class=\"wp-block-column is-layout-flow wp-block-column-is-layout-flow\">\n<p>Aeroporto:<br\/><em><a href=\"https:\/\/www.google.com\/maps\/place\/Cura%C3%A7ao+International+Airport\/@12.1500398,-68.9226668,12.87z\/data=!4m5!3m4!1s0x8e849cfebdf8ff2d:0x7ec8ac794ab3f049!8m2!3d12.188463!4d-68.960945\" target=\"_blank\" rel=\"noreferrer noopener\">Margaret Abraham Plaza z\/n<\/a><\/em><br\/><a href=\"https:\/\/www.curacao-airport.com\/flights\" target=\"_blank\" rel=\"noreferrer noopener\">Verificar o status dos voos<\/a><br\/>Informa\u00e7\u00f5es gerais: <a href=\"tel:0059998391980\">+5999 839-1980<\/a><br\/>KLM: <a href=\"tel:0059998690195\">+5999 869-0195<\/a> ou <a href=\"tel:0059998391980\">+5999 839-1980<\/a><br\/>TUI: <a href=\"tel:0059998488884\">+5999 848-8884<\/a><br\/>Taxi Norwin: <a href=\"tel:0059995190319\">+5999 519-0319<\/a> ou <a href=\"https:\/\/www.naarcuracao.com\/pt-br\/tour-item\/transferir-curacao\/\">reserve seu traslado aqui<\/a>.<\/p>\n<\/div>\n<\/div>\n\n<h2 class=\"wp-block-heading\">Dentista Cura\u00e7ao<\/h2>\n\n<p>Centro Dental Mahaai, Anjelierweg 6, 737 0285<br\/>Cl\u00ednica odontol\u00f3gica Chong &amp; Associates, Caracas Bay Road 164, 461 6665<br\/>Cl\u00ednica Odontol\u00f3gica Suffisant, Suffisantweg 48, 868 8986<br\/>Salinja Dental Care Center NV, Salinja 153, 465 7577<br\/>Consult\u00f3rio odontol\u00f3gico Aleida, Centro Dental Tera Cora, Siberia Lot 9, 864 8933<br\/>Consult\u00f3rio odontol\u00f3gico Nijdam and van Strien, Jan Noorduynweg 12, 868 8198<br\/>Cl\u00ednica Odontol\u00f3gica Rio Can\u00e1rio, Schottegatweg Noord 41, 869 1435<\/p>\n\n<h3 class=\"wp-block-heading\" id=\"botika\">Farm\u00e1cia de Cura\u00e7ao (Botika)<\/h3>\n\n<p>A farm\u00e1cia\/drogaria em Cura\u00e7ao tem uma Botika (ou &#8220;Botica&#8221;). H\u00e1 muitos deles na ilha e \u00e9 poss\u00edvel encontrar um em quase todos os bairros. Sempre h\u00e1 uma botika aberta \u00e0 tarde\/noite. <a href=\"https:\/\/botikadiservisio.com\/\" target=\"_blank\" rel=\"noreferrer noopener\">Consulte este site para ver qual \u00e9 a atual<\/a>.<\/p>\n\n<div class=\"wp-block-columns is-layout-flex wp-container-core-columns-is-layout-28f84493 wp-block-columns-is-layout-flex\">\n<div class=\"wp-block-column is-layout-flow wp-block-column-is-layout-flow\">\n<p>Antillian Drugstore, Kaya Flamboyan 1a, 737 6200<br\/>Botica Banda Abou, Barber, 864 1637<br\/>Botica Letterhole, Corrieweg 32, 737 9098<br\/>Botica Brion (Otrabanda), Breedestraat 126, 462 7027<br\/>Botica Cerrito, Promenade Shopping Centre, 737 6155<br\/>Botica del Pueblo, Sha Caprileskade 7a, 461 2444<br\/>Botica Dominguito, Caracas Bay Road 164, 461 7988<br\/>Botica De Goede Hoop, Jan Noorduynweg 15b, 868 2857<br\/>Botica Groot Piscadera, Jan Noorduynweg z\/n, 868 5022<br\/>Botica Isla Cura\u00e7ao SA, Emmastad, 466 3895<br\/>Botica Janwe, Caracas Bay Road 191, 461 7553<br\/>Botica Jan Noorduyn, Jan Noorduynweg 32, 869 8100<br\/>Botica Juliana, Juliana Square 2-6, 465 4500<br\/>Botica Mahaai, S.B.N. Doormanweg 51, 738 3366<\/p>\n<\/div>\n\n\n\n<div class=\"wp-block-column is-layout-flow wp-block-column-is-layout-flow\">\n<p>Botica Muizenberg, Muizenberg z\/n, 869 2390<br\/>Botica Nos Deseo, F.D. Rooseveltweg 468, 888 3538<br\/>Botica Novo, Gosieweg 171, 736 7165<br\/>Botica Otrobanda, Colon Shopping Center, 462 5633<br\/>Botica Palu Blancu, F.D. Rooseveltweg 11-13c, 869 7577<br\/>Botica Plasa, De Ruyterkade 36, 461 5545<br\/>Botica Santa Maria, Winston Churchillweg 155, 868 0800<br\/>Botica Santa Rosa, Santa Rosaweg 56, 736 5650<br\/>Botica Stakamahachi, Montana Rey 87a, 747 8203<br\/>Botica Suffisant, Muizenberg Shopping Centre 1, 888 0744<br\/>Botica Tera Cora, Sib\u00e9ria Lote 10-11, 864 7788<br\/>Botica Union, 187 Broadway Street, 462 3575<br\/>Botica Vredenberg, Socratesstraat 3, 461 3300<\/p>\n<\/div>\n<\/div>\n\n<p><\/p>\n","protected":false},"excerpt":{"rendered":"<p>N\u00fameros de emerg\u00eancia Cura\u00e7ao Pol\u00edcia URGENTE: 911Sem urg\u00eancia: 917An\u00f4nimo: 108Guarda Costeira: 913 Delegacias de pol\u00edcia:Rio Can\u00e1rio (escrit\u00f3rio principal):esquina Winston Churchillweg\/Schottegatweg, +5999 866-6800Punda:Wilhelminaplein, +5999 866-6300Otrobanda:Arubastraat (na rotat\u00f3ria), +5999 866-6400Monta\u00f1a:Kaminda Venancio F. Insenia, +5999 866-6700Barbeiro:Estrada para Westpunt (rua lateral!), +5999 866-6900 Politur &#8211; Pol\u00edcia tur\u00edsticaEscrit\u00f3rios do Politburo:World Trade Center:Piscaderaweg z\/n, Unidade TM.I. 29 e 20, +5999 463-6273Mambo [&hellip;]<\/p>\n","protected":false},"author":1,"featured_media":57919,"parent":0,"menu_order":1951,"comment_status":"open","ping_status":"closed","template":"","meta":{"_acf_changed":false,"site-sidebar-layout":"default","site-content-layout":"","ast-site-content-layout":"default","site-content-style":"default","site-sidebar-style":"default","ast-global-header-display":"","ast-banner-title-visibility":"","ast-main-header-display":"","ast-hfb-above-header-display":"","ast-hfb-below-header-display":"","ast-hfb-mobile-header-display":"","site-post-title":"","ast-breadcrumbs-content":"","ast-featured-img":"","footer-sml-layout":"","ast-disable-related-posts":"","theme-transparent-header-meta":"","adv-header-id-meta":"","stick-header-meta":"","header-above-stick-meta":"","header-main-stick-meta":"","header-below-stick-meta":"","astra-migrate-meta-layouts":"set","ast-page-background-enabled":"default","ast-page-background-meta":{"desktop":{"background-color":"var(--ast-global-color-4)","background-image":"","background-repeat":"repeat","background-position":"center center","background-size":"auto","background-attachment":"scroll","background-type":"","background-media":"","overlay-type":"","overlay-color":"","overlay-opacity":"","overlay-gradient":""},"tablet":{"background-color":"","background-image":"","background-repeat":"repeat","background-position":"center center","background-size":"auto","background-attachment":"scroll","background-type":"","background-media":"","overlay-type":"","overlay-color":"","overlay-opacity":"","overlay-gradient":""},"mobile":{"background-color":"","background-image":"","background-repeat":"repeat","background-position":"center center","background-size":"auto","background-attachment":"scroll","background-type":"","background-media":"","overlay-type":"","overlay-color":"","overlay-opacity":"","overlay-gradient":""}},"ast-content-background-meta":{"desktop":{"background-color":"var(--ast-global-color-5)","background-image":"","background-repeat":"repeat","background-position":"center center","background-size":"auto","background-attachment":"scroll","background-type":"","background-media":"","overlay-type":"","overlay-color":"","overlay-opacity":"","overlay-gradient":""},"tablet":{"background-color":"var(--ast-global-color-5)","background-image":"","background-repeat":"repeat","background-position":"center center","background-size":"auto","background-attachment":"scroll","background-type":"","background-media":"","overlay-type":"","overlay-color":"","overlay-opacity":"","overlay-gradient":""},"mobile":{"background-color":"var(--ast-global-color-5)","background-image":"","background-repeat":"repeat","background-position":"center center","background-size":"auto","background-attachment":"scroll","background-type":"","background-media":"","overlay-type":"","overlay-color":"","overlay-opacity":"","overlay-gradient":""}},"footnotes":""},"class_list":["post-57918","page","type-page","status-publish","has-post-thumbnail","hentry"],"acf":[],"_links":{"self":[{"href":"https:\/\/www.naarcuracao.com\/pt-br\/wp-json\/wp\/v2\/pages\/57918","targetHints":{"allow":["GET"]}}],"collection":[{"href":"https:\/\/www.naarcuracao.com\/pt-br\/wp-json\/wp\/v2\/pages"}],"about":[{"href":"https:\/\/www.naarcuracao.com\/pt-br\/wp-json\/wp\/v2\/types\/page"}],"author":[{"embeddable":true,"href":"https:\/\/www.naarcuracao.com\/pt-br\/wp-json\/wp\/v2\/users\/1"}],"replies":[{"embeddable":true,"href":"https:\/\/www.naarcuracao.com\/pt-br\/wp-json\/wp\/v2\/comments?post=57918"}],"version-history":[{"count":2,"href":"https:\/\/www.naarcuracao.com\/pt-br\/wp-json\/wp\/v2\/pages\/57918\/revisions"}],"predecessor-version":[{"id":57925,"href":"https:\/\/www.naarcuracao.com\/pt-br\/wp-json\/wp\/v2\/pages\/57918\/revisions\/57925"}],"wp:featuredmedia":[{"embeddable":true,"href":"https:\/\/www.naarcuracao.com\/pt-br\/wp-json\/wp\/v2\/media\/57919"}],"wp:attachment":[{"href":"https:\/\/www.naarcuracao.com\/pt-br\/wp-json\/wp\/v2\/media?parent=57918"}],"curies":[{"name":"wp","href":"https:\/\/api.w.org\/{rel}","templated":true}]}}