{"id":54294,"date":"2018-10-24T22:35:23","date_gmt":"2018-10-24T20:35:23","guid":{"rendered":"https:\/\/www.naarcuracao.com\/?page_id=54294"},"modified":"2023-12-19T21:48:09","modified_gmt":"2023-12-19T20:48:09","slug":"pagamento-abortado","status":"publish","type":"page","link":"https:\/\/www.naarcuracao.com\/pt-br\/pagamento-abortado\/","title":{"rendered":"Pagamento abortado"},"content":{"rendered":"\n<h2 class=\"wp-block-heading\">Infelizmente&#8230; algo deu errado com o pagamento.<\/h2>\n\n\n\n<p>Algo deu errado durante o processo de pagamento, o que fez com que ele fosse cancelado. Algo deu errado com o pagamento. O pagamento foi interrompido e, portanto, n\u00e3o ser\u00e1 debitado de sua conta. Tente novamente, provavelmente n\u00e3o haver\u00e1 problemas. Se continuar a dar errado, entre em contato conosco pelo e-mail <a href=\"mailto:info@naarcuracao.com\" target=\"_blank\" rel=\"noopener noreferrer\">info@naarcuracao.com.<\/a><\/p>\n","protected":false},"excerpt":{"rendered":"<p>Infelizmente&#8230; algo deu errado com o pagamento. Algo deu errado durante o processo de pagamento, o que fez com que ele fosse cancelado. Algo deu errado com o pagamento. O pagamento foi interrompido e, portanto, n\u00e3o ser\u00e1 debitado de sua conta. Tente novamente, provavelmente n\u00e3o haver\u00e1 problemas. Se continuar a dar errado, entre em contato [&hellip;]<\/p>\n","protected":false},"author":1,"featured_media":0,"parent":0,"menu_order":0,"comment_status":"closed","ping_status":"closed","template":"","meta":{"_acf_changed":false,"site-sidebar-layout":"default","site-content-layout":"","ast-site-content-layout":"default","site-content-style":"default","site-sidebar-style":"default","ast-global-header-display":"","ast-banner-title-visibility":"","ast-main-header-display":"","ast-hfb-above-header-display":"","ast-hfb-below-header-display":"","ast-hfb-mobile-header-display":"","site-post-title":"","ast-breadcrumbs-content":"","ast-featured-img":"","footer-sml-layout":"","ast-disable-related-posts":"","theme-transparent-header-meta":"","adv-header-id-meta":"","stick-header-meta":"","header-above-stick-meta":"","header-main-stick-meta":"","header-below-stick-meta":"","astra-migrate-meta-layouts":"set","ast-page-background-enabled":"default","ast-page-background-meta":{"desktop":{"background-color":"var(--ast-global-color-4)","background-image":"","background-repeat":"repeat","background-position":"center center","background-size":"auto","background-attachment":"scroll","background-type":"","background-media":"","overlay-type":"","overlay-color":"","overlay-opacity":"","overlay-gradient":""},"tablet":{"background-color":"","background-image":"","background-repeat":"repeat","background-position":"center center","background-size":"auto","background-attachment":"scroll","background-type":"","background-media":"","overlay-type":"","overlay-color":"","overlay-opacity":"","overlay-gradient":""},"mobile":{"background-color":"","background-image":"","background-repeat":"repeat","background-position":"center center","background-size":"auto","background-attachment":"scroll","background-type":"","background-media":"","overlay-type":"","overlay-color":"","overlay-opacity":"","overlay-gradient":""}},"ast-content-background-meta":{"desktop":{"background-color":"var(--ast-global-color-5)","background-image":"","background-repeat":"repeat","background-position":"center center","background-size":"auto","background-attachment":"scroll","background-type":"","background-media":"","overlay-type":"","overlay-color":"","overlay-opacity":"","overlay-gradient":""},"tablet":{"background-color":"var(--ast-global-color-5)","background-image":"","background-repeat":"repeat","background-position":"center center","background-size":"auto","background-attachment":"scroll","background-type":"","background-media":"","overlay-type":"","overlay-color":"","overlay-opacity":"","overlay-gradient":""},"mobile":{"background-color":"var(--ast-global-color-5)","background-image":"","background-repeat":"repeat","background-position":"center center","background-size":"auto","background-attachment":"scroll","background-type":"","background-media":"","overlay-type":"","overlay-color":"","overlay-opacity":"","overlay-gradient":""}},"footnotes":""},"class_list":["post-54294","page","type-page","status-publish","hentry"],"acf":[],"_links":{"self":[{"href":"https:\/\/www.naarcuracao.com\/pt-br\/wp-json\/wp\/v2\/pages\/54294","targetHints":{"allow":["GET"]}}],"collection":[{"href":"https:\/\/www.naarcuracao.com\/pt-br\/wp-json\/wp\/v2\/pages"}],"about":[{"href":"https:\/\/www.naarcuracao.com\/pt-br\/wp-json\/wp\/v2\/types\/page"}],"author":[{"embeddable":true,"href":"https:\/\/www.naarcuracao.com\/pt-br\/wp-json\/wp\/v2\/users\/1"}],"replies":[{"embeddable":true,"href":"https:\/\/www.naarcuracao.com\/pt-br\/wp-json\/wp\/v2\/comments?post=54294"}],"version-history":[{"count":1,"href":"https:\/\/www.naarcuracao.com\/pt-br\/wp-json\/wp\/v2\/pages\/54294\/revisions"}],"predecessor-version":[{"id":54296,"href":"https:\/\/www.naarcuracao.com\/pt-br\/wp-json\/wp\/v2\/pages\/54294\/revisions\/54296"}],"wp:attachment":[{"href":"https:\/\/www.naarcuracao.com\/pt-br\/wp-json\/wp\/v2\/media?parent=54294"}],"curies":[{"name":"wp","href":"https:\/\/api.w.org\/{rel}","templated":true}]}}