{"id":60101,"date":"2021-11-09T14:18:53","date_gmt":"2021-11-09T13:18:53","guid":{"rendered":"https:\/\/www.naarcuracao.com\/?page_id=60101"},"modified":"2024-04-25T17:30:19","modified_gmt":"2024-04-25T15:30:19","slug":"deportes-acuaticos-en-curacao","status":"publish","type":"page","link":"https:\/\/www.naarcuracao.com\/es\/deportes-acuaticos-en-curacao\/","title":{"rendered":"Deportes acu\u00e1ticos en Cura\u00e7ao"},"content":{"rendered":"\n<h5 class=\"wp-block-heading\">Con tanta agua en Cura\u00e7ao y sus alrededores, es natural que puedas practicar todo tipo de deportes acu\u00e1ticos. Y para casi todo: \u00a1diversi\u00f3n para j\u00f3venes y mayores, para principiantes y expertos!<\/h5>\n\n<div class=\"wp-block-columns is-layout-flex wp-container-core-columns-is-layout-28f84493 wp-block-columns-is-layout-flex\">\n<div class=\"wp-block-column is-layout-flow wp-block-column-is-layout-flow\">\n<h2 class=\"wp-block-heading has-text-align-center\"><strong>Moto acu\u00e1tica<\/strong><\/h2>\n\n\n\n<figure class=\"wp-block-image aligncenter size-full\"><a href=\"https:\/\/www.naarcuracao.com\/es\/tour-item\/excursion-en-moto-acuatica\/\"><img decoding=\"async\" width=\"960\" height=\"540\" data-src=\"https:\/\/www.naarcuracao.com\/wp-content\/uploads\/2022\/06\/jetski-curacao-960x540-1.jpg\" alt=\"jetski curacao espa&#xF1;a agua\" class=\"wp-image-31580 lazyload\" title=\"\" data-srcset=\"https:\/\/www.naarcuracao.com\/wp-content\/uploads\/2022\/06\/jetski-curacao-960x540-1.jpg 960w, https:\/\/www.naarcuracao.com\/wp-content\/uploads\/2022\/06\/jetski-curacao-960x540-1-350x197.jpg 350w, https:\/\/www.naarcuracao.com\/wp-content\/uploads\/2022\/06\/jetski-curacao-960x540-1-533x300.jpg 533w, https:\/\/www.naarcuracao.com\/wp-content\/uploads\/2022\/06\/jetski-curacao-960x540-1-150x84.jpg 150w, https:\/\/www.naarcuracao.com\/wp-content\/uploads\/2022\/06\/jetski-curacao-960x540-1-768x432.jpg 768w\" data-sizes=\"auto\" src=\"data:image\/svg+xml;base64,PHN2ZyB3aWR0aD0iMSIgaGVpZ2h0PSIxIiB4bWxucz0iaHR0cDovL3d3dy53My5vcmcvMjAwMC9zdmciPjwvc3ZnPg==\" style=\"--smush-placeholder-width: 960px; --smush-placeholder-aspect-ratio: 960\/540;\" data-original-sizes=\"(max-width: 960px) 100vw, 960px\" \/><\/a><\/figure>\n\n\n\n<p class=\"has-text-align-center\">Haz un recorrido panor\u00e1mico en moto acu\u00e1tica por Spanish Water. Contempla las hermosas villas de la costa y navega entre ellas a unos 50 km\/h en tu moto acu\u00e1tica. \u00a1Lleva a un pasajero gratis!<\/p>\n\n\n\n<div class=\"wp-block-buttons is-content-justification-center is-layout-flex wp-container-core-buttons-is-layout-a89b3969 wp-block-buttons-is-layout-flex\">\n<div class=\"wp-block-button has-custom-width wp-block-button__width-100 has-custom-font-size has-medium-font-size\"><a class=\"wp-block-button__link has-luminous-vivid-amber-to-luminous-vivid-orange-gradient-background has-background wp-element-button\" href=\"https:\/\/www.naarcuracao.com\/es\/tour-item\/excursion-en-moto-acuatica\/\" style=\"padding-top:15px;padding-bottom:15px\"><strong>Excursi\u00f3n en moto acu\u00e1tica<\/strong><\/a><\/div>\n<\/div>\n<\/div>\n\n\n\n<div class=\"wp-block-column is-layout-flow wp-block-column-is-layout-flow\">\n<h2 class=\"wp-block-heading has-text-align-center\"><strong>Aquafari<\/strong><\/h2>\n\n\n\n<figure class=\"wp-block-image size-full\"><a href=\"https:\/\/www.naarcuracao.com\/es\/tour-item\/aquafari\/\"><img decoding=\"async\" width=\"800\" height=\"450\" data-src=\"https:\/\/www.naarcuracao.com\/wp-content\/uploads\/2023\/06\/Aquafari-curacao-excursie-800x450-1.jpg\" alt=\"mejores excursiones curacao congierge service\" class=\"wp-image-44972 lazyload\" title=\"\" data-srcset=\"https:\/\/www.naarcuracao.com\/wp-content\/uploads\/2023\/06\/Aquafari-curacao-excursie-800x450-1.jpg 800w, https:\/\/www.naarcuracao.com\/wp-content\/uploads\/2023\/06\/Aquafari-curacao-excursie-800x450-1-350x197.jpg 350w, https:\/\/www.naarcuracao.com\/wp-content\/uploads\/2023\/06\/Aquafari-curacao-excursie-800x450-1-533x300.jpg 533w, https:\/\/www.naarcuracao.com\/wp-content\/uploads\/2023\/06\/Aquafari-curacao-excursie-800x450-1-150x84.jpg 150w, https:\/\/www.naarcuracao.com\/wp-content\/uploads\/2023\/06\/Aquafari-curacao-excursie-800x450-1-768x432.jpg 768w\" data-sizes=\"auto\" src=\"data:image\/svg+xml;base64,PHN2ZyB3aWR0aD0iMSIgaGVpZ2h0PSIxIiB4bWxucz0iaHR0cDovL3d3dy53My5vcmcvMjAwMC9zdmciPjwvc3ZnPg==\" style=\"--smush-placeholder-width: 800px; --smush-placeholder-aspect-ratio: 800\/450;\" data-original-sizes=\"(max-width: 800px) 100vw, 800px\" \/><\/a><\/figure>\n\n\n\n<p class=\"has-text-align-center\">\u00bfQuieres ver el hermoso mundo submarino de Cura\u00e7ao, pero el buceo no es lo tuyo? Entonces el scooter subacu\u00e1tico Aquafari es la soluci\u00f3n.<\/p>\n\n\n\n<div class=\"wp-block-buttons is-content-justification-center is-layout-flex wp-container-core-buttons-is-layout-a89b3969 wp-block-buttons-is-layout-flex\">\n<div class=\"wp-block-button has-custom-width wp-block-button__width-100 has-custom-font-size has-medium-font-size\"><a class=\"wp-block-button__link has-luminous-vivid-amber-to-luminous-vivid-orange-gradient-background has-background wp-element-button\" href=\"https:\/\/www.naarcuracao.com\/es\/tour-item\/aquafari\/\" style=\"padding-top:15px;padding-bottom:15px\"><strong>Aquafari<\/strong><\/a><\/div>\n<\/div>\n<\/div>\n\n\n\n<div class=\"wp-block-column is-layout-flow wp-block-column-is-layout-flow\">\n<h2 class=\"wp-block-heading has-text-align-center\"><strong>Seabob<\/strong><\/h2>\n\n\n\n<figure class=\"wp-block-image aligncenter size-full\"><a href=\"https:\/\/www.naarcuracao.com\/es\/tour-item\/seabob-curacao\/\"><img decoding=\"async\" width=\"960\" height=\"539\" data-src=\"https:\/\/www.naarcuracao.com\/wp-content\/uploads\/2022\/06\/seabob-curacao-diving-turtle-960x540-1.jpg\" alt=\"scooter submarino seabob curacao\" class=\"wp-image-31583 lazyload\" title=\"\" data-srcset=\"https:\/\/www.naarcuracao.com\/wp-content\/uploads\/2022\/06\/seabob-curacao-diving-turtle-960x540-1.jpg 960w, https:\/\/www.naarcuracao.com\/wp-content\/uploads\/2022\/06\/seabob-curacao-diving-turtle-960x540-1-350x197.jpg 350w, https:\/\/www.naarcuracao.com\/wp-content\/uploads\/2022\/06\/seabob-curacao-diving-turtle-960x540-1-534x300.jpg 534w, https:\/\/www.naarcuracao.com\/wp-content\/uploads\/2022\/06\/seabob-curacao-diving-turtle-960x540-1-150x84.jpg 150w, https:\/\/www.naarcuracao.com\/wp-content\/uploads\/2022\/06\/seabob-curacao-diving-turtle-960x540-1-768x431.jpg 768w\" data-sizes=\"auto\" src=\"data:image\/svg+xml;base64,PHN2ZyB3aWR0aD0iMSIgaGVpZ2h0PSIxIiB4bWxucz0iaHR0cDovL3d3dy53My5vcmcvMjAwMC9zdmciPjwvc3ZnPg==\" style=\"--smush-placeholder-width: 960px; --smush-placeholder-aspect-ratio: 960\/539;\" data-original-sizes=\"(max-width: 960px) 100vw, 960px\" \/><\/a><\/figure>\n\n\n\n<p>\u00bfUna excursi\u00f3n de snorkel, pero muy guay? \u00a1Salga en un Seabob! Como un aut\u00e9ntico James Bond, atravesar\u00e1s el agua con este artilugio.<\/p>\n\n\n\n<div class=\"wp-block-buttons is-content-justification-center is-layout-flex wp-container-core-buttons-is-layout-a89b3969 wp-block-buttons-is-layout-flex\">\n<div class=\"wp-block-button has-custom-width wp-block-button__width-100 has-custom-font-size has-medium-font-size\"><a class=\"wp-block-button__link has-luminous-vivid-amber-to-luminous-vivid-orange-gradient-background has-background wp-element-button\" href=\"https:\/\/www.naarcuracao.com\/es\/tour-item\/seabob-curacao\/\" style=\"padding-top:15px;padding-bottom:15px\"><strong>Excursiones Seabob<\/strong><\/a><\/div>\n<\/div>\n<\/div>\n<\/div>\n\n<div class=\"wp-block-columns is-layout-flex wp-container-core-columns-is-layout-28f84493 wp-block-columns-is-layout-flex\">\n<div class=\"wp-block-column is-layout-flow wp-block-column-is-layout-flow\">\n<h2 class=\"wp-block-heading has-text-align-center\"><strong>Stand-Up Paddling<\/strong><\/h2>\n\n\n\n<figure class=\"wp-block-image aligncenter size-full\"><a href=\"https:\/\/www.naarcuracao.com\/es\/tour-item\/suppen\/\"><img decoding=\"async\" width=\"960\" height=\"540\" data-src=\"https:\/\/www.naarcuracao.com\/wp-content\/uploads\/2022\/06\/suppen-curacao-960x540-1.jpg\" alt=\"tomar curacao\" class=\"wp-image-31578 lazyload\" title=\"\" data-srcset=\"https:\/\/www.naarcuracao.com\/wp-content\/uploads\/2022\/06\/suppen-curacao-960x540-1.jpg 960w, https:\/\/www.naarcuracao.com\/wp-content\/uploads\/2022\/06\/suppen-curacao-960x540-1-350x197.jpg 350w, https:\/\/www.naarcuracao.com\/wp-content\/uploads\/2022\/06\/suppen-curacao-960x540-1-533x300.jpg 533w, https:\/\/www.naarcuracao.com\/wp-content\/uploads\/2022\/06\/suppen-curacao-960x540-1-150x84.jpg 150w, https:\/\/www.naarcuracao.com\/wp-content\/uploads\/2022\/06\/suppen-curacao-960x540-1-768x432.jpg 768w\" data-sizes=\"auto\" src=\"data:image\/svg+xml;base64,PHN2ZyB3aWR0aD0iMSIgaGVpZ2h0PSIxIiB4bWxucz0iaHR0cDovL3d3dy53My5vcmcvMjAwMC9zdmciPjwvc3ZnPg==\" style=\"--smush-placeholder-width: 960px; --smush-placeholder-aspect-ratio: 960\/540;\" data-original-sizes=\"(max-width: 960px) 100vw, 960px\" \/><\/a><\/figure>\n\n\n\n<p class=\"has-text-align-center\">Stand-Up Paddling es posible para todos, desde los m\u00e1s j\u00f3venes a los m\u00e1s mayores: s\u00fabete a la tabla y navega de inmediato. \u00danete al recorrido por el Agua Espa\u00f1ola, a trav\u00e9s del manglar, entre otros.<\/p>\n\n\n\n<div class=\"wp-block-buttons is-content-justification-center is-layout-flex wp-container-core-buttons-is-layout-a89b3969 wp-block-buttons-is-layout-flex\">\n<div class=\"wp-block-button has-custom-width wp-block-button__width-100 has-custom-font-size has-medium-font-size\"><a class=\"wp-block-button__link has-luminous-vivid-amber-to-luminous-vivid-orange-gradient-background has-background wp-element-button\" href=\"https:\/\/www.naarcuracao.com\/es\/tour-item\/suppen\/\" style=\"padding-top:15px;padding-bottom:15px\" target=\"_blank\" rel=\"noreferrer noopener\"><strong>Stand-Up Paddling<\/strong><\/a><\/div>\n<\/div>\n<\/div>\n\n\n\n<div class=\"wp-block-column is-layout-flow wp-block-column-is-layout-flow\">\n<h2 class=\"wp-block-heading has-text-align-center\"><strong>Buceo<\/strong><\/h2>\n\n\n\n<figure class=\"wp-block-image size-full\"><a href=\"https:\/\/www.naarcuracao.com\/es\/tour-item\/buceo-inmersion-introductoria\/\"><img decoding=\"async\" width=\"960\" height=\"540\" data-src=\"https:\/\/www.naarcuracao.com\/wp-content\/uploads\/2022\/06\/duiken-curacao-introductieduik-960x540-1.jpg\" alt=\"buceo en curacao\" class=\"wp-image-31585 lazyload\" title=\"\" data-srcset=\"https:\/\/www.naarcuracao.com\/wp-content\/uploads\/2022\/06\/duiken-curacao-introductieduik-960x540-1.jpg 960w, https:\/\/www.naarcuracao.com\/wp-content\/uploads\/2022\/06\/duiken-curacao-introductieduik-960x540-1-350x197.jpg 350w, https:\/\/www.naarcuracao.com\/wp-content\/uploads\/2022\/06\/duiken-curacao-introductieduik-960x540-1-533x300.jpg 533w, https:\/\/www.naarcuracao.com\/wp-content\/uploads\/2022\/06\/duiken-curacao-introductieduik-960x540-1-150x84.jpg 150w, https:\/\/www.naarcuracao.com\/wp-content\/uploads\/2022\/06\/duiken-curacao-introductieduik-960x540-1-768x432.jpg 768w\" data-sizes=\"auto\" src=\"data:image\/svg+xml;base64,PHN2ZyB3aWR0aD0iMSIgaGVpZ2h0PSIxIiB4bWxucz0iaHR0cDovL3d3dy53My5vcmcvMjAwMC9zdmciPjwvc3ZnPg==\" style=\"--smush-placeholder-width: 960px; --smush-placeholder-aspect-ratio: 960\/540;\" data-original-sizes=\"(max-width: 960px) 100vw, 960px\" \/><\/a><\/figure>\n\n\n\n<p class=\"has-text-align-center\">Tambi\u00e9n es hermoso explorar Cura\u00e7ao bajo el agua. Haz una inmersi\u00f3n de iniciaci\u00f3n, bucea con delfines o haz, por ejemplo, una inmersi\u00f3n nocturna y observa la vida submarina de noche.<\/p>\n\n\n\n<div class=\"wp-block-buttons is-content-justification-center is-layout-flex wp-container-core-buttons-is-layout-a89b3969 wp-block-buttons-is-layout-flex\">\n<div class=\"wp-block-button has-custom-width wp-block-button__width-100 has-custom-font-size has-medium-font-size\"><a class=\"wp-block-button__link has-luminous-vivid-amber-to-luminous-vivid-orange-gradient-background has-background wp-element-button\" href=\"https:\/\/www.naarcuracao.com\/es\/tour-item\/buceo-inmersion-introductoria\/\" style=\"padding-top:15px;padding-bottom:15px\" target=\"_blank\" rel=\"noreferrer noopener\"><strong>Inmersi\u00f3n introductoria<\/strong><\/a><\/div>\n<\/div>\n<\/div>\n\n\n\n<div class=\"wp-block-column is-layout-flow wp-block-column-is-layout-flow\">\n<h2 class=\"wp-block-heading has-text-align-center\"><strong>Kitesurf<\/strong><\/h2>\n\n\n\n<figure class=\"wp-block-image size-full\"><a href=\"https:\/\/www.naarcuracao.com\/es\/?post_type=tour-item&amp;p=37766\"><img decoding=\"async\" width=\"960\" height=\"540\" data-src=\"https:\/\/www.naarcuracao.com\/wp-content\/uploads\/2022\/06\/kitesurfen-curacao-960x540-1.jpg\" alt=\"kitesurf curacao Awa Salu\" class=\"wp-image-31582 lazyload\" title=\"\" data-srcset=\"https:\/\/www.naarcuracao.com\/wp-content\/uploads\/2022\/06\/kitesurfen-curacao-960x540-1.jpg 960w, https:\/\/www.naarcuracao.com\/wp-content\/uploads\/2022\/06\/kitesurfen-curacao-960x540-1-350x197.jpg 350w, https:\/\/www.naarcuracao.com\/wp-content\/uploads\/2022\/06\/kitesurfen-curacao-960x540-1-533x300.jpg 533w, https:\/\/www.naarcuracao.com\/wp-content\/uploads\/2022\/06\/kitesurfen-curacao-960x540-1-150x84.jpg 150w, https:\/\/www.naarcuracao.com\/wp-content\/uploads\/2022\/06\/kitesurfen-curacao-960x540-1-768x432.jpg 768w\" data-sizes=\"auto\" src=\"data:image\/svg+xml;base64,PHN2ZyB3aWR0aD0iMSIgaGVpZ2h0PSIxIiB4bWxucz0iaHR0cDovL3d3dy53My5vcmcvMjAwMC9zdmciPjwvc3ZnPg==\" style=\"--smush-placeholder-width: 960px; --smush-placeholder-aspect-ratio: 960\/540;\" data-original-sizes=\"(max-width: 960px) 100vw, 960px\" \/><\/a><\/figure>\n\n\n\n<p class=\"has-text-align-center\">En Cura\u00e7ao abundan el agua y el viento; un lugar ideal para practicar kitesurf. Desde clases introductorias hasta cursos de 2 d\u00edas, todo es posible.<\/p>\n\n\n\n<div class=\"wp-block-buttons is-content-justification-center is-layout-flex wp-container-core-buttons-is-layout-a89b3969 wp-block-buttons-is-layout-flex\">\n<div class=\"wp-block-button has-custom-width wp-block-button__width-100 has-custom-font-size has-medium-font-size\"><a class=\"wp-block-button__link has-luminous-vivid-amber-to-luminous-vivid-orange-gradient-background has-background wp-element-button\" href=\"https:\/\/www.naarcuracao.com\/es\/?post_type=tour-item&amp;p=37766\" style=\"padding-top:15px;padding-bottom:15px\" target=\"_blank\" rel=\"noreferrer noopener\"><strong>Kite Surf<\/strong><\/a><\/div>\n<\/div>\n<\/div>\n<\/div>\n\n<div class=\"wp-block-columns is-layout-flex wp-container-core-columns-is-layout-28f84493 wp-block-columns-is-layout-flex\">\n<div class=\"wp-block-column is-layout-flow wp-block-column-is-layout-flow\"><\/div>\n<\/div>\n\n<div style=\"height:29px\" aria-hidden=\"true\" class=\"wp-block-spacer\"><\/div>\n","protected":false},"excerpt":{"rendered":"<p>Con tanta agua en Cura\u00e7ao y sus alrededores, es natural que puedas practicar todo tipo de deportes acu\u00e1ticos. Y para casi todo: \u00a1diversi\u00f3n para j\u00f3venes y mayores, para principiantes y expertos! Moto acu\u00e1tica Haz un recorrido panor\u00e1mico en moto acu\u00e1tica por Spanish Water. Contempla las hermosas villas de la costa y navega entre ellas a [&hellip;]<\/p>\n","protected":false},"author":1,"featured_media":60102,"parent":0,"menu_order":0,"comment_status":"closed","ping_status":"closed","template":"","meta":{"_acf_changed":false,"site-sidebar-layout":"default","site-content-layout":"","ast-site-content-layout":"default","site-content-style":"default","site-sidebar-style":"default","ast-global-header-display":"","ast-banner-title-visibility":"","ast-main-header-display":"","ast-hfb-above-header-display":"","ast-hfb-below-header-display":"","ast-hfb-mobile-header-display":"","site-post-title":"","ast-breadcrumbs-content":"","ast-featured-img":"","footer-sml-layout":"","ast-disable-related-posts":"","theme-transparent-header-meta":"","adv-header-id-meta":"","stick-header-meta":"","header-above-stick-meta":"","header-main-stick-meta":"","header-below-stick-meta":"","astra-migrate-meta-layouts":"set","ast-page-background-enabled":"default","ast-page-background-meta":{"desktop":{"background-color":"var(--ast-global-color-4)","background-image":"","background-repeat":"repeat","background-position":"center center","background-size":"auto","background-attachment":"scroll","background-type":"","background-media":"","overlay-type":"","overlay-color":"","overlay-opacity":"","overlay-gradient":""},"tablet":{"background-color":"","background-image":"","background-repeat":"repeat","background-position":"center center","background-size":"auto","background-attachment":"scroll","background-type":"","background-media":"","overlay-type":"","overlay-color":"","overlay-opacity":"","overlay-gradient":""},"mobile":{"background-color":"","background-image":"","background-repeat":"repeat","background-position":"center center","background-size":"auto","background-attachment":"scroll","background-type":"","background-media":"","overlay-type":"","overlay-color":"","overlay-opacity":"","overlay-gradient":""}},"ast-content-background-meta":{"desktop":{"background-color":"var(--ast-global-color-5)","background-image":"","background-repeat":"repeat","background-position":"center center","background-size":"auto","background-attachment":"scroll","background-type":"","background-media":"","overlay-type":"","overlay-color":"","overlay-opacity":"","overlay-gradient":""},"tablet":{"background-color":"var(--ast-global-color-5)","background-image":"","background-repeat":"repeat","background-position":"center center","background-size":"auto","background-attachment":"scroll","background-type":"","background-media":"","overlay-type":"","overlay-color":"","overlay-opacity":"","overlay-gradient":""},"mobile":{"background-color":"var(--ast-global-color-5)","background-image":"","background-repeat":"repeat","background-position":"center center","background-size":"auto","background-attachment":"scroll","background-type":"","background-media":"","overlay-type":"","overlay-color":"","overlay-opacity":"","overlay-gradient":""}},"footnotes":""},"class_list":["post-60101","page","type-page","status-publish","has-post-thumbnail","hentry"],"acf":[],"_links":{"self":[{"href":"https:\/\/www.naarcuracao.com\/es\/wp-json\/wp\/v2\/pages\/60101","targetHints":{"allow":["GET"]}}],"collection":[{"href":"https:\/\/www.naarcuracao.com\/es\/wp-json\/wp\/v2\/pages"}],"about":[{"href":"https:\/\/www.naarcuracao.com\/es\/wp-json\/wp\/v2\/types\/page"}],"author":[{"embeddable":true,"href":"https:\/\/www.naarcuracao.com\/es\/wp-json\/wp\/v2\/users\/1"}],"replies":[{"embeddable":true,"href":"https:\/\/www.naarcuracao.com\/es\/wp-json\/wp\/v2\/comments?post=60101"}],"version-history":[{"count":6,"href":"https:\/\/www.naarcuracao.com\/es\/wp-json\/wp\/v2\/pages\/60101\/revisions"}],"predecessor-version":[{"id":60113,"href":"https:\/\/www.naarcuracao.com\/es\/wp-json\/wp\/v2\/pages\/60101\/revisions\/60113"}],"wp:featuredmedia":[{"embeddable":true,"href":"https:\/\/www.naarcuracao.com\/es\/wp-json\/wp\/v2\/media\/60102"}],"wp:attachment":[{"href":"https:\/\/www.naarcuracao.com\/es\/wp-json\/wp\/v2\/media?parent=60101"}],"curies":[{"name":"wp","href":"https:\/\/api.w.org\/{rel}","templated":true}]}}